{"id":174,"date":"2024-10-03T16:11:10","date_gmt":"2024-10-03T14:11:10","guid":{"rendered":"https:\/\/purecybersec.pl\/?page_id=174"},"modified":"2024-10-03T21:41:33","modified_gmt":"2024-10-03T19:41:33","slug":"wystapienia-publiczne","status":"publish","type":"page","link":"https:\/\/purecybersec.pl\/index.php\/wystapienia-publiczne\/","title":{"rendered":"Wyst\u0105pienia publiczne"},"content":{"rendered":"\n<p>Wyst\u0105pienia publiczne z zakresu <strong>cyberbezpiecze\u0144stwa<\/strong> i nowych technologii to moja specjalno\u015b\u0107. Robi\u0119 to z pasj\u0105 i humorem, ale zawsze dostarczam rzetelnej wiedzy na najwy\u017cszym poziomie. <\/p>\n\n\n\n<p>Tematy takie jak <strong>zarz\u0105dzanie ryzykiem<\/strong>, <strong>audyt IT<\/strong>, czy <strong>wykorzystanie sztucznej inteligencji (AI)<\/strong> w biznesie nabieraj\u0105 ogromnego znaczenia, bo pomagaj\u0105 firmom zrozumie\u0107, jak efektywnie i bezpiecznie dzia\u0142a\u0107 w cyfrowym \u015bwiecie. Prezentacje na ten temat to nie tylko przegl\u0105d najnowszych zagro\u017ce\u0144 czy narz\u0119dzi \u2013 to praktyczne wskaz\u00f3wki, jak wprowadza\u0107 innowacje bez ryzyka. Coraz wa\u017cniejsz\u0105 rol\u0119 odgrywaj\u0105 tak\u017ce zagadnienia zwi\u0105zane z <strong>bezpiecze\u0144stwem Internetu Rzeczy (IoT)<\/strong> i <strong>Smart City<\/strong>. To przestrzenie, w kt\u00f3rych technologie stykaj\u0105 si\u0119 bezpo\u015brednio z nasz\u0105 codzienno\u015bci\u0105 \u2013 od inteligentnych miast po urz\u0105dzenia w naszych domach. Takie prelekcje nie tylko przybli\u017caj\u0105 z\u0142o\u017cono\u015b\u0107 tych system\u00f3w, ale przede wszystkim pokazuj\u0105, jak zabezpieczy\u0107 si\u0119 przed cyberatakami, jednocze\u015bnie maksymalizuj\u0105c korzy\u015bci p\u0142yn\u0105ce z nowoczesnych rozwi\u0105za\u0144. Przem\u00f3wienia te \u0142\u0105cz\u0105 w sobie wiedz\u0119, inspiracj\u0119 i praktyk\u0119, oferuj\u0105c s\u0142uchaczom pe\u0142ne zrozumienie przysz\u0142o\u015bci cyfrowego \u015bwiata.<\/p>\n\n\n\n<p>Poni\u017cej znajduje si\u0119 lista temat\u00f3w kt\u00f3re mia\u0142am okazj\u0119 prezentowa\u0107 na r\u00f3\u017cnych konferencjach:<\/p>\n\n\n\n<p>\ud83d\udd39 <strong>Gdzie diabe\u0142 nie mo\u017ce, tam AI po\u015ble<\/strong>: wyk\u0142ad o zastosowaniach AI w biznesie, 17. Og\u00f3lnopolski Zjazd Firm RodzinnychU-RODZINY, 2024<\/p>\n\n\n\n<p>\ud83d\udd39 <strong>Hakerzy nie pytaj\u0105 o wyniki audytu ani certyfikacj\u0119 ISO<\/strong>: wyk\u0142ad o praktycznych metodach ocenu rzeczywistego stanu bezpiecze\u0144stwa firmy, <a href=\"https:\/\/kscforum.pl\/wp-content\/uploads\/2021\/05\/3.-Joanna-Wziatek-Ladosz.pdf\" data-type=\"link\" data-id=\"https:\/\/kscforum.pl\/wp-content\/uploads\/2021\/05\/3.-Joanna-Wziatek-Ladosz.pdf\">KSC Forum, 2023<\/a><\/p>\n\n\n\n<p>\ud83d\udd39 <strong>AI Act w praktyce w Unii Europejskiej<\/strong>: wyk\u0142ad dla <a href=\"https:\/\/www.facebook.com\/watch\/live\/?ref=watch_permalink&amp;v=798503151918252\" data-type=\"link\" data-id=\"https:\/\/www.facebook.com\/watch\/live\/?ref=watch_permalink&amp;v=798503151918252\">Fundacji Schumanna<\/a> z okazji 20-lecia Polski w Unii Europejskiej, 2024<\/p>\n\n\n\n<p>\ud83d\udd39 <strong>IoT na celowniki: czy smart-home w smart-city stanowi zagro\u017cenie bezpiecze\u0144stwa OT?<\/strong> wyk\u0142ad na konferencji <a href=\"https:\/\/www.youtube.com\/watch?v=a-D-zUz7ifU&amp;ab_channel=CyberTekTechFestival\" data-type=\"link\" data-id=\"https:\/\/www.youtube.com\/watch?v=a-D-zUz7ifU&amp;ab_channel=CyberTekTechFestival\">CyberTek Festival<\/a>, 2023<\/p>\n\n\n\n<p>\ud83d\udd39 Panel dyskusyjny dotycz\u0105cy <strong>DORA, NIS2 i UKSC<\/strong> na konferencji <a href=\"https:\/\/akademia.beck.pl\/1750-vi-konferencja-prawo-nowych-technologii-aktualne-problemy-i-nowe-wyzwania\">Wydawnictwa Beck<\/a>, 2024<\/p>\n\n\n\n<p>\ud83d\udd39 <strong>Skuteczne zarz\u0105dzanie cyberzagro\u017ceniami: najlepsze praktyki w vulnerability management i compliance testing dla mened\u017cer\u00f3w i audytor\u00f3w<\/strong>: prelekcja&nbsp;w ramach \u015bcie\u017cki&nbsp;<em>Strategy, Governance, Risk, Compliance <\/em>na konferencji <a href=\"https:\/\/thehacksummit.com\/\">The H@ck Summit<\/a> 2024.<\/p>\n\n\n\n<p>\ud83d\udd39 <strong>Czy odkuracz mo\u017ce wci\u0105gn\u0105\u0107 Twoje dane?<\/strong>: prelekcja dla <a href=\"https:\/\/ptkwm.pl\/streszczenia\/czy-odkurzacz-moze-wciagnac-twoje-dane-o-cyberbezpieczenstwie-na-co-dzien\/\">Polskiego Towarzystwa Matematycznego<\/a> , 2023<\/p>\n\n\n\n<p>\ud83d\udd39 <strong>5 niesamowitych lekcji, kt\u00f3re zmieni\u0105 Twoje podej\u015bcie do ochrony system\u00f3w OT\/ICS<\/strong>: wyk\u0142ad na spotkaniu <a href=\"https:\/\/local.issa.org.pl\/event\/10-warszawa-issapolskawarszawa\/\">ISSA Polska<\/a> w Warszawie, 2023<\/p>\n\n\n\n<p>\ud83d\udd39 <strong>Technologia 5G &#8211; ba\u0107 si\u0119 czy korzysta\u0107?<\/strong> <a href=\"http:\/\/2. Technologia 5G (lipiec 2023) 7 https:\/\/www.polskieradi\">audycja radiowa<\/a> z moim udzia\u0142em<\/p>\n\n\n\n<p><\/p>\n","protected":false},"excerpt":{"rendered":"<p>Wyst\u0105pienia publiczne z zakresu cyberbezpiecze\u0144stwa i nowych technologii to moja specjalno\u015b\u0107. Robi\u0119 to z pasj\u0105 i humorem, ale zawsze dostarczam rzetelnej wiedzy na najwy\u017cszym poziomie. Tematy takie jak zarz\u0105dzanie ryzykiem, audyt IT, czy wykorzystanie sztucznej inteligencji (AI) w biznesie nabieraj\u0105 ogromnego znaczenia, bo pomagaj\u0105 firmom zrozumie\u0107, jak efektywnie i bezpiecznie dzia\u0142a\u0107 w cyfrowym \u015bwiecie. Prezentacje&#8230;<\/p>\n","protected":false},"author":1,"featured_media":0,"parent":0,"menu_order":0,"comment_status":"closed","ping_status":"closed","template":"","meta":{"footnotes":""},"class_list":["post-174","page","type-page","status-publish","hentry"],"_links":{"self":[{"href":"https:\/\/purecybersec.pl\/index.php\/wp-json\/wp\/v2\/pages\/174","targetHints":{"allow":["GET"]}}],"collection":[{"href":"https:\/\/purecybersec.pl\/index.php\/wp-json\/wp\/v2\/pages"}],"about":[{"href":"https:\/\/purecybersec.pl\/index.php\/wp-json\/wp\/v2\/types\/page"}],"author":[{"embeddable":true,"href":"https:\/\/purecybersec.pl\/index.php\/wp-json\/wp\/v2\/users\/1"}],"replies":[{"embeddable":true,"href":"https:\/\/purecybersec.pl\/index.php\/wp-json\/wp\/v2\/comments?post=174"}],"version-history":[{"count":5,"href":"https:\/\/purecybersec.pl\/index.php\/wp-json\/wp\/v2\/pages\/174\/revisions"}],"predecessor-version":[{"id":186,"href":"https:\/\/purecybersec.pl\/index.php\/wp-json\/wp\/v2\/pages\/174\/revisions\/186"}],"wp:attachment":[{"href":"https:\/\/purecybersec.pl\/index.php\/wp-json\/wp\/v2\/media?parent=174"}],"curies":[{"name":"wp","href":"https:\/\/api.w.org\/{rel}","templated":true}]}}