{"id":69,"date":"2023-05-20T23:16:58","date_gmt":"2023-05-20T21:16:58","guid":{"rendered":"https:\/\/purecybersec.pl\/?page_id=69"},"modified":"2024-10-03T14:28:13","modified_gmt":"2024-10-03T12:28:13","slug":"o-mnie","status":"publish","type":"page","link":"https:\/\/purecybersec.pl\/index.php\/o-mnie\/","title":{"rendered":"O mnie"},"content":{"rendered":"\n<div class=\"wp-block-columns is-layout-flex wp-container-core-columns-is-layout-1 wp-block-columns-is-layout-flex\">\n<div class=\"wp-block-column is-layout-flow wp-block-column-is-layout-flow\" style=\"flex-basis:33.33%\">\n<figure class=\"wp-block-image size-large\"><img loading=\"lazy\" decoding=\"async\" width=\"683\" height=\"1024\" src=\"https:\/\/purecybersec.pl\/wp-content\/uploads\/2023\/05\/155_portret_25.01.2022-683x1024.jpg\" alt=\"\" class=\"wp-image-70\" srcset=\"https:\/\/purecybersec.pl\/wp-content\/uploads\/2023\/05\/155_portret_25.01.2022-683x1024.jpg 683w, https:\/\/purecybersec.pl\/wp-content\/uploads\/2023\/05\/155_portret_25.01.2022-200x300.jpg 200w, https:\/\/purecybersec.pl\/wp-content\/uploads\/2023\/05\/155_portret_25.01.2022-768x1152.jpg 768w, https:\/\/purecybersec.pl\/wp-content\/uploads\/2023\/05\/155_portret_25.01.2022-1024x1536.jpg 1024w, https:\/\/purecybersec.pl\/wp-content\/uploads\/2023\/05\/155_portret_25.01.2022-300x450.jpg 300w, https:\/\/purecybersec.pl\/wp-content\/uploads\/2023\/05\/155_portret_25.01.2022-850x1275.jpg 850w, https:\/\/purecybersec.pl\/wp-content\/uploads\/2023\/05\/155_portret_25.01.2022.jpg 1365w\" sizes=\"auto, (max-width: 683px) 100vw, 683px\" \/><\/figure>\n<\/div>\n\n\n\n<div class=\"wp-block-column is-layout-flow wp-block-column-is-layout-flow\" style=\"flex-basis:66.66%\">\n<p>Nazywam si\u0119 Joanna Wzi\u0105tek i jestem informatyczk\u0105, specjalistk\u0105 od cyberbezpiecze\u0144stwa, kt\u00f3rym zajmuje si\u0119 ponad 15-lat.  <\/p>\n\n\n\n<p>Do\u015bwiadczenie w bezpiecze\u0144stwie teleinformatycznym zdoby\u0142am w polskich i zagranicznych firmach.&nbsp;Obecnie pracuj\u0119 jako Senior Security Engineer w Tenable, gdzie projektuj\u0119, konsultuj\u0119 i wdra\u017cam programy zarz\u0105dzania ryzykiem i podatno\u015bciami, bezpiecze\u0144stwa ICS\/OT oraz projekty dotycz\u0105ce bezpiecze\u0144stwa chmury. <\/p>\n\n\n\n<p><br>Cyberbezpiecze\u0144stwo wymaga nieustannego uczenia i aktualizowanie swojej wiedzy. Uko\u0144czy\u0142am studia doktoranckie z informatyki na Politechnice \u015al\u0105skiej i podyplomowe studia na University of Maryland z Cloud Security. <br>W 2022 uko\u0144czy\u0142am certyfikowany program podyplomowy z cyberbezpiecze\u0144stwa na ameryka\u0144skim Massachusetts Institute of Technology (MIT). Obecnie jestem w trakcie programu z Business Leadership na ameryka\u0144skim Harvardzie. <\/p>\n\n\n\n<p>M\u00f3wi\u0119 po polsku, angielsku i w\u0142osku. <\/p>\n\n\n\n<p>\u015al\u0119dz\u0119 zmiany legislacyjne: NIS2, DORA, UKSC czy AI Act, bo one wszystkie dotycz\u0105 cyberbezpiecze\u0144stwa. <\/p>\n\n\n\n<p>Jestem wyk\u0142adowc\u0105 akademickim oraz cz\u0142onkini\u0105 ISSA International, ISSA Polska, Polskiego Towarzystwa Informatycznego i Sekcji ds. Sztucznej Inteligencji. Nagrywam sw\u00f3j podcast dotycz\u0105cy bezpiecze\u0144stwa IT pt.: \u201eCyberbezpieczni\u201d , kt\u00f3ry jest wydawany przez Polskie Radio.<\/p>\n\n\n\n<p>Nale\u017c\u0119 do Cyber Women Community, Women4Cyber oraz Women in Cybersecurity i wspieram kobiety pracuj\u0105ce w tej bran\u017cy. Anga\u017cuj\u0119 si\u0119 r\u00f3wnie\u017c w programy mentoringowe dla kobiet chc\u0105cych rozpocz\u0105\u0107 karier\u0119 w cyberbezpiecze\u0144stwie i STEM. <\/p>\n\n\n\n<p>Je\u015bli zastanawiasz si\u0119 czy i jak mog\u0119 Ci pom\u00f3c skontaktuj si\u0119 ze mn\u0105! <\/p>\n<\/div>\n<\/div>\n\n\n\n<p><\/p>\n","protected":false},"excerpt":{"rendered":"<p>Nazywam si\u0119 Joanna Wzi\u0105tek i jestem informatyczk\u0105, specjalistk\u0105 od cyberbezpiecze\u0144stwa, kt\u00f3rym zajmuje si\u0119 ponad 15-lat. Do\u015bwiadczenie w bezpiecze\u0144stwie teleinformatycznym zdoby\u0142am w polskich i zagranicznych firmach.&nbsp;Obecnie pracuj\u0119 jako Senior Security Engineer w Tenable, gdzie projektuj\u0119, konsultuj\u0119 i wdra\u017cam programy zarz\u0105dzania ryzykiem i podatno\u015bciami, bezpiecze\u0144stwa ICS\/OT oraz projekty dotycz\u0105ce bezpiecze\u0144stwa chmury. Cyberbezpiecze\u0144stwo wymaga nieustannego uczenia i aktualizowanie&#8230;<\/p>\n","protected":false},"author":1,"featured_media":0,"parent":0,"menu_order":0,"comment_status":"closed","ping_status":"closed","template":"","meta":{"footnotes":""},"class_list":["post-69","page","type-page","status-publish","hentry"],"_links":{"self":[{"href":"https:\/\/purecybersec.pl\/index.php\/wp-json\/wp\/v2\/pages\/69","targetHints":{"allow":["GET"]}}],"collection":[{"href":"https:\/\/purecybersec.pl\/index.php\/wp-json\/wp\/v2\/pages"}],"about":[{"href":"https:\/\/purecybersec.pl\/index.php\/wp-json\/wp\/v2\/types\/page"}],"author":[{"embeddable":true,"href":"https:\/\/purecybersec.pl\/index.php\/wp-json\/wp\/v2\/users\/1"}],"replies":[{"embeddable":true,"href":"https:\/\/purecybersec.pl\/index.php\/wp-json\/wp\/v2\/comments?post=69"}],"version-history":[{"count":3,"href":"https:\/\/purecybersec.pl\/index.php\/wp-json\/wp\/v2\/pages\/69\/revisions"}],"predecessor-version":[{"id":167,"href":"https:\/\/purecybersec.pl\/index.php\/wp-json\/wp\/v2\/pages\/69\/revisions\/167"}],"wp:attachment":[{"href":"https:\/\/purecybersec.pl\/index.php\/wp-json\/wp\/v2\/media?parent=69"}],"curies":[{"name":"wp","href":"https:\/\/api.w.org\/{rel}","templated":true}]}}