{"id":86,"date":"2023-05-21T13:10:01","date_gmt":"2023-05-21T11:10:01","guid":{"rendered":"https:\/\/purecybersec.pl\/?page_id=86"},"modified":"2023-05-24T12:34:39","modified_gmt":"2023-05-24T10:34:39","slug":"materialy-do-pobrania","status":"publish","type":"page","link":"https:\/\/purecybersec.pl\/index.php\/materialy-do-pobrania\/","title":{"rendered":"Materia\u0142y do pobrania"},"content":{"rendered":"\n<figure class=\"wp-block-image size-large\"><img loading=\"lazy\" decoding=\"async\" width=\"2560\" height=\"1440\" src=\"https:\/\/purecybersec.pl\/wp-content\/uploads\/2023\/05\/pexels-miguel-a-padrinan-2882550-edited-scaled.jpg\" alt=\"\" class=\"wp-image-88\" srcset=\"https:\/\/purecybersec.pl\/wp-content\/uploads\/2023\/05\/pexels-miguel-a-padrinan-2882550-edited-scaled.jpg 2560w, https:\/\/purecybersec.pl\/wp-content\/uploads\/2023\/05\/pexels-miguel-a-padrinan-2882550-edited-300x169.jpg 300w, https:\/\/purecybersec.pl\/wp-content\/uploads\/2023\/05\/pexels-miguel-a-padrinan-2882550-edited-1024x576.jpg 1024w, https:\/\/purecybersec.pl\/wp-content\/uploads\/2023\/05\/pexels-miguel-a-padrinan-2882550-edited-768x432.jpg 768w, https:\/\/purecybersec.pl\/wp-content\/uploads\/2023\/05\/pexels-miguel-a-padrinan-2882550-edited-1536x864.jpg 1536w, https:\/\/purecybersec.pl\/wp-content\/uploads\/2023\/05\/pexels-miguel-a-padrinan-2882550-edited-2048x1152.jpg 2048w, https:\/\/purecybersec.pl\/wp-content\/uploads\/2023\/05\/pexels-miguel-a-padrinan-2882550-edited-850x478.jpg 850w\" sizes=\"auto, (max-width: 2560px) 100vw, 2560px\" \/><\/figure>\n\n\n\n<ul class=\"wp-block-list\">\n<li>Infografika: <a href=\"https:\/\/purecybersec.pl\/index.php\/infografika-cyberbezpieczenstwo-w-smart-city\/\">Cyberbezpiecze\u0144stwo w SmartCity<\/a> <\/li>\n\n\n\n<li>Infografika: Bezpiecze\u0144stwo urz\u0105dze\u0144 IoT<\/li>\n<\/ul>\n","protected":false},"excerpt":{"rendered":"","protected":false},"author":1,"featured_media":0,"parent":0,"menu_order":0,"comment_status":"closed","ping_status":"closed","template":"","meta":{"footnotes":""},"class_list":["post-86","page","type-page","status-publish","hentry"],"_links":{"self":[{"href":"https:\/\/purecybersec.pl\/index.php\/wp-json\/wp\/v2\/pages\/86","targetHints":{"allow":["GET"]}}],"collection":[{"href":"https:\/\/purecybersec.pl\/index.php\/wp-json\/wp\/v2\/pages"}],"about":[{"href":"https:\/\/purecybersec.pl\/index.php\/wp-json\/wp\/v2\/types\/page"}],"author":[{"embeddable":true,"href":"https:\/\/purecybersec.pl\/index.php\/wp-json\/wp\/v2\/users\/1"}],"replies":[{"embeddable":true,"href":"https:\/\/purecybersec.pl\/index.php\/wp-json\/wp\/v2\/comments?post=86"}],"version-history":[{"count":1,"href":"https:\/\/purecybersec.pl\/index.php\/wp-json\/wp\/v2\/pages\/86\/revisions"}],"predecessor-version":[{"id":89,"href":"https:\/\/purecybersec.pl\/index.php\/wp-json\/wp\/v2\/pages\/86\/revisions\/89"}],"wp:attachment":[{"href":"https:\/\/purecybersec.pl\/index.php\/wp-json\/wp\/v2\/media?parent=86"}],"curies":[{"name":"wp","href":"https:\/\/api.w.org\/{rel}","templated":true}]}}